{"id":21,"date":"2023-08-18T19:01:36","date_gmt":"2023-08-18T19:01:36","guid":{"rendered":"https:\/\/kitagraf.de\/?page_id=21"},"modified":"2023-08-18T19:01:36","modified_gmt":"2023-08-18T19:01:36","slug":"datenschutz","status":"publish","type":"page","link":"https:\/\/kitagraf.de\/?page_id=21","title":{"rendered":"Datenschutz"},"content":{"rendered":"<div class=\"entry-content\">\n<p><strong>Datenschutz \/ \u00dcberblick<\/strong><\/p>\n<p>Mit dieser Erkl\u00e4rung geben Sie uns Ihre Einwilligung daf\u00fcr, dass Ihre personenbezogenen Daten zu den nachfolgend genannten Zwecken erhoben, verarbeitet und genutzt werden d\u00fcrfen. Diese Einwilligung kann jederzeit mit Wirkung f\u00fcr die Zukunft widerrufen werden.<\/p>\n<p><strong>Rechtliche Grundlage<\/strong><\/p>\n<p>Wir erheben und bearbeiten Daten mit automatischen Datenverarbeitungsanlagen unter Beachtung des geltenden Rechts, insbesondere nach der Datenschutzgrundverordnung (DSGVO) und des Telemediengesetzes (TMG).<\/p>\n<p><strong>Verantwortliche Stelle im Sinne der DSGVO <\/strong><\/p>\n<p>ist HEIKO REBSCH photographie. N\u00e4here Angaben zum Betreiber dieser Webseite finden sich im <a href=\"https:\/\/www.pictrs.com\/heiko-rebsch\/impressum?l=de\">Impressum<\/a>.<\/p>\n<p><strong>Automatische Informationen<\/strong><\/p>\n<p>Aus technischen Gr\u00fcnden und aus Gr\u00fcnden des berechtigten Interesses (s. Art. 6 Abs. 1 lit. f. DSGVO) werden bei einer Nutzung unserer Webseite durch Sie<\/p>\n<ul>\n<li>die IP-Adresse des anfragenden Rechners,<\/li>\n<li>die Anfrage des Clients,<\/li>\n<li>der http-Antwort-Code,<\/li>\n<li>das Zugriffsdatum und die Zugriffszeit,<\/li>\n<li>die Website, von der Sie unsere Seite aufrufen,<\/li>\n<li>die \u00fcbertragene Datenmenge,<\/li>\n<li>die Information \u00fcber den von Ihnen verwendeten Browser und das von Ihnen verwendete Betriebssystem<\/li>\n<\/ul>\n<p>in Log-Files gespeichert. Diese Daten werden von uns nicht an Dritte weitergegeben. Soweit die Daten technisch nicht (mehr) erforderlich sind, dienen sie lediglich statistischen Zwecken und sind anonym. Nach der statistischen Auswertung werden diese Daten gel\u00f6scht.<\/p>\n<p><strong>Reichweitenmessung &amp; Cookies<\/strong><\/p>\n<p>Diese Webseite verwendet Cookies zur pseudonymisierten Reichweitenmessung, die entweder von unserem Server oder dem Server Dritter an den Browser des Nutzers \u00fcbertragen werden. Bei Cookies handelt es sich um kleine Dateien, welche auf Ihrem Endger\u00e4t gespeichert werden. Ihr Browser greift auf diese Dateien zu. Durch den Einsatz von Cookies erh\u00f6ht sich die Benutzerfreundlichkeit und Sicherheit dieser Website. Falls Sie nicht m\u00f6chten, dass Cookies zur Reichweitenmessung auf Ihrem Endger\u00e4t gespeichert werden, k\u00f6nnen Sie dem Einsatz dieser Dateien \u2013 wie weiter unten beschrieben \u2013 widersprechen.<\/p>\n<p><strong>Sicherheit<\/strong><\/p>\n<p>Unser Datenbestand mit Ihren personenbezogenen Daten wird jederzeit durch angemessene technische und organisatorische Ma\u00dfnahmen gegen Einsicht, Bearbeitung und Verwendung durch nicht befugte Personen gesch\u00fctzt. Weitere Informationen dazu finden Sie auf der <a href=\"https:\/\/www.pictrs.com\/datenschutz\">Datenschutzseite unseres Dienstleisters<\/a>.<\/p>\n<p><strong>Pers\u00f6nliche Daten<\/strong><\/p>\n<p>Sofern innerhalb des Internetangebotes die M\u00f6glichkeit zur Eingabe pers\u00f6nlicher oder gesch\u00e4ftlicher Daten (z.B. E-Mail-Adressen, Namen, Anschriften) besteht, so erfolgt die Preisgabe dieser personenbezogenen Daten durch Sie auf ausdr\u00fccklich freiwilliger Basis. Wir nutzen diese Informationen f\u00fcr die Abwicklung Ihrer Bestellungen, die Lieferung Ihrer Waren und das Erbringen von Dienstleistungen sowie die Abwicklung der Zahlung (auch f\u00fcr ggf. erforderliche Pr\u00fcfungen). Wir verwenden diese Informationen ferner, unser Angebot zu verbessern, Missbrauch, insbesondere Betrug, vorzubeugen oder aufzudecken oder Dritten die Durchf\u00fchrung technischer, logistischer oder anderer Dienstleistungen in unserem Auftrag zu erm\u00f6glichen.<\/p>\n<p>Sollten wir uns zur Durchf\u00fchrung von Leistungen, die Sie in Anspruch nehmen m\u00f6chten, Dritter bedienen, die diese Daten zur Durchf\u00fchrung Ihres Auftrags zwingend ben\u00f6tigen, \u00fcbermitteln wir Auftragsinformationen und pers\u00f6nliche Daten nur in dem zur Durchf\u00fchrung erforderlichen Umfang. Diese Dritte d\u00fcrfen Ihre Daten nicht zu anderen Zwecken verwenden. Mit unseren Dienstleistern haben wir einen Auftragsverarbeitungs-Vertrag (AVV) geschlossen. Dar\u00fcber hinaus sind diese verpflichtet, die Daten gem\u00e4\u00df dieser Datenschutzerkl\u00e4rung sowie den deutschen Datenschutzgesetzen zu behandeln. Dies gilt vor allem f\u00fcr Fotoproduktionen in externen Laboratorien.<\/p>\n<p><strong>Wie lange werden meine Daten gespeichert?<\/strong><\/p>\n<p>Wir verarbeiten und speichern Ihre personenbezogenen Daten, solange es f\u00fcr die Erf\u00fcllung unserer vertraglichen oder gesetzlichen Pflichten erforderlich ist.<\/p>\n<p>Sind die Daten zur Erf\u00fcllung der Pflichten nicht mehr erforderlich werden diese nach einer zumutbaren Frist gel\u00f6scht, es sei denn, die Weiterverarbeitung ist f\u00fcr die Wahrung berechtigter Interessen oder auf Grund von Archivierungsvorschriften erforderlich.<\/p>\n<p><strong>Auskunft, Widerspruch, Korrektur und L\u00f6schung der Daten<\/strong><\/p>\n<p>Nach Erf\u00fcllung des Zwecks der Datenerhebung und Nutzung, z.B. durch vollst\u00e4ndigen Abschluss eines Auftrages werden die personenbezogenen Daten von uns gel\u00f6scht, soweit Sie kein dauerhaftes Kundenkonto angelegt oder einen anderen Service von uns in Anspruch genommen haben oder die Speicherung zur etwaigen Rechtsverfolgung ben\u00f6tigt wird.<\/p>\n<p>Wir geben gespeicherte Daten nicht an Dritte weiter, soweit vorstehend nicht ausdr\u00fccklich anders angegeben, insbesondere werden diese weder verkauft noch vermietet. Eine Verarbeitung der Daten in Drittstaaten au\u00dferhalb der EU findet nicht statt.<\/p>\n<p>Sie haben das Recht, auf Antrag Auskunft \u00fcber Ihre bei uns gespeicherten Daten zu erhalten. Weiterhin haben Sie nach geltender Datenschutzgrundverordnung ein Widerspruchsrecht gegen die Nutzung und\/oder \u00dcbermittlung Ihrer Daten f\u00fcr Werbezwecke. Zus\u00e4tzlich haben sie nach Ma\u00dfgabe der gesetzlichen Bestimmungen ein Recht auf Berichtigung, Sperrung und L\u00f6schung dieser personenbezogenen Daten. Wenden Sie sich in diesen F\u00e4llen bitte schriftlich an die auf der Webseite unter Kontakt angegebene Adresse.<\/p>\n<p><strong>Verschl\u00fcsselung<\/strong><\/p>\n<p>Die Daten dieser Webseiten werden durch eine https-Verschl\u00fcsselung (TLS) zur Verf\u00fcgung gestellt; durch die Einbindung der Verschl\u00fcsselungs-Zertifikate wird eine Transportverschl\u00fcsselung erm\u00f6glicht, somit wird der Datentransfer zwischen Browsersoftware und den Webseiten-Servern durch den unberechtigten Zugriff Dritter gesch\u00fctzt.<\/p>\n<p><strong>Fremdinhalte<\/strong><\/p>\n<p>F\u00fcr fremde Inhalte, die \u00fcber Links zur Nutzung bereitgestellt werden und besonders gekennzeichnet sind, \u00fcbernehmen wir keine Verantwortung und machen uns deren Inhalt nicht zu Eigen. F\u00fcr illegale, fehlerhafte oder unvollst\u00e4ndige Inhalte sowie f\u00fcr Sch\u00e4den, die durch die Nutzung oder Nichtnutzung der Informationen entstehen, haftet allein der Anbieter der Website, auf die verwiesen wurde.<\/p>\n<p><strong>Nutzung des Kontaktformulars<\/strong><\/p>\n<p>Wenn Sie uns per Kontaktformular kontaktieren, werden Ihre Angaben aus dem Anfrageformular einschlie\u00dflich der von Ihnen dort angegebenen Kontaktdaten zwecks Bearbeitung der Anfrage und f\u00fcr den Fall von Anschlussfragen bei uns gespeichert. Diese Daten geben wir nicht ohne Ihre Einwilligung weiter. Die Verarbeitung der in das Kontaktformular eingegebenen Daten erfolgt somit auf Grundlage Ihrer Einwilligung (Art. 6 Abs. 1 lit. a DSGVO). Sie k\u00f6nnen diese Einwilligung jederzeit widerrufen.<\/p>\n<p>Die von Ihnen im Kontaktformular eingegebenen Daten verbleiben bei uns, bis Sie uns zur L\u00f6schung auffordern, Ihre Einwilligung zur Speicherung widerrufen oder der Zweck f\u00fcr die Datenspeicherung entf\u00e4llt (z.B. nach abgeschlossener Bearbeitung Ihrer Anfrage). Zwingende gesetzliche Bestimmungen \u2013 insbesondere Aufbewahrungsfristen \u2013 bleiben unber\u00fchrt. Kontaktanfragen zu bestehenden zu Bestellungen leiten wir unseren Dienstleister weiter, der die Abwicklung der Bestellung \u00fcbernimmt und die Anfragen f\u00fcr Sie bearbeitet. Mit diesem haben wir einen Vertrag zur Auftragsverarbeitung geschlossen. Sollten Sie das nicht w\u00fcnschen, geben Sie im Kontaktformular keine Bestellnummer ein. Sie k\u00f6nnen die Einwilligung zur Datenverarbeitung jederzeit widerrufen.<\/p>\n<p><strong>Google Analytics<\/strong><\/p>\n<p>Diese Website benutzt Google Analytics, einen Webanalysedienst der Google Inc. (\u201eGoogle\u201c). Google Analytics verwendet sog. \u201eCookies\u201c, Textdateien, die auf Ihrem Computer gespeichert werden und die eine Analyse der Benutzung der Website durch Sie erm\u00f6glichen. Die durch den Cookie erzeugten Informationen \u00fcber Ihre Benutzung dieser Website (einschlie\u00dflich Ihrer IP-Adresse) wird an einen Server von Google in den USA \u00fcbertragen und dort gespeichert. Google wird diese Informationen benutzen, um Ihre Nutzung der Website auszuwerten, um Reports \u00fcber die Websiteaktivit\u00e4ten f\u00fcr die Websitebetreiber zusammenzustellen und um weitere mit der Websitenutzung und der Internetnutzung verbundene Dienstleistungen zu erbringen. Auch wird Google diese Informationen gegebenenfalls an Dritte \u00fcbertragen, sofern dies gesetzlich vorgeschrieben oder soweit Dritte diese Daten im Auftrag von Google verarbeiten. Google wird in keinem Fall Ihre IP-Adresse mit anderen Daten von Google in Verbindung bringen. Sie k\u00f6nnen die Installation der Cookies durch eine entsprechende Einstellung Ihrer Browser Software verhindern; wir weisen Sie jedoch darauf hin, dass Sie in diesem Fall gegebenenfalls nicht s\u00e4mtliche Funktionen dieser Website vollumf\u00e4nglich nutzen k\u00f6nnen. Durch die Nutzung dieser Website erkl\u00e4ren Sie sich mit der Bearbeitung der \u00fcber Sie erhobenen Daten durch Google in der zuvor beschriebenen Art und Weise und zu dem zuvor benannten Zweck einverstanden.<\/p>\n<p>Auf dieser Website greift die IP-Anonymisierung. Die IP-Adresse der Nutzer wird innerhalb der Mitgliedsstaaten der EU und des Europ\u00e4ischen Wirtschaftsraum und in den anderen Vertragsstaaten des Abkommens gek\u00fcrzt. Nur in Einzelf\u00e4llen wird die IP-Adresse zun\u00e4chst ungek\u00fcrzt in die USA an einen Server von Google \u00fcbertragen und dort gek\u00fcrzt. Durch diese K\u00fcrzung entf\u00e4llt der Personenbezug Ihrer IP-Adresse. Die vom Browser \u00fcbermittelte IP-Adresse des Nutzers wird nicht mit anderen von Google gespeicherten Daten kombiniert.<\/p>\n<p>Weiterhin k\u00f6nnen Sie durch ein Browser-Plugin verhindern, dass die durch Cookies gesammelten Informationen (inklusive Ihrer IP-Adresse) an die Google Inc. gesendet und von der Google Inc. genutzt werden. Folgender Link f\u00fchrt Sie zu dem entsprechenden Plugin: <a href=\"https:\/\/tools.google.com\/dlpage\/gaoptout?hl=de\">https:\/\/tools.google.com\/dlpage\/gaoptout?hl=de<\/a><\/p>\n<p><strong>Zahlungsanbieter, Paypal<\/strong><\/p>\n<p>Auf dieser Website bieten wir verschiedenen Bezahlarten an, unter anderem via PayPal. Anbieter dieses Zahlungsdienstes ist die PayPal (Europe) S.\u00e0.r.l. et Cie, S.C.A., sesshaft in 22-24 Boulevard Royal, L-2449 Luxembourg. W\u00e4hlen Sie die Zahlart PayPal, werden die von Ihnen eingegebenen Zahlungsdaten (u. a. E-Mail-Adresse) an PayPal \u00fcbermittelt.<\/p>\n<p>Die \u00dcbermittlung Ihrer Daten an PayPal erfolgt auf Grundlage von Art. 6 Abs. 1 lit. a DSGVO (Einwilligung) und Art. 6 Abs. 1 lit. b DSGVO (Verarbeitung zur Erf\u00fcllung eines Vertrags). Sie k\u00f6nnen die Einwilligung zur Datenverarbeitung jederzeit widerrufen.<\/p>\n<p><strong>Browser Plugin<\/strong><\/p>\n<p>Sie k\u00f6nnen die Speicherung der Cookies durch Einstellungen Ihrer in Ihrem Browser verhindern. Wir weisen Sie jedoch darauf hin, dass unsere Webseite in diesem Fall eingeschr\u00e4nkt funktionieren wird. Dar\u00fcber hinaus k\u00f6nnen Sie die Erfassung der durch das Cookie erzeugten und auf Ihre Nutzung der Website bezogenen Daten (inkl. Ihrer IP-Adresse) an Google sowie die Verarbeitung dieser Daten durch Google verhindern. Dazu k\u00f6nnen Sie das unter dem folgenden Link verf\u00fcgbare Browser-Plugin herunterladen und installieren: <a href=\"https:\/\/tools.google.com\/dlpage\/gaoptout\">https:\/\/tools.google.com\/dlpage\/gaoptout<\/a><\/p>\n<p><strong>Nutzung von Social-Media-Plugins von Facebook<\/strong><\/p>\n<p>Aufgrund unseres berechtigten Interesses an der Analyse, Optimierung und dem Betrieb unseres Online-Angebotes (im Sinne des Art. 6 Abs. 1 lit. f. DSGVO), verwendet diese Website das Facebook-Social-Plugin, welches von der Facebook Inc. (1 Hacker Way, Menlo Park, California 94025, USA) betrieben wird. Erkennbar sind die Einbindungen an dem Facebook-Logo bzw. an den Begriffen \u201eLike\u201c, \u201eGef\u00e4llt mir\u201c, \u201eTeilen\u201c in den Farben Facebooks (Blau und Wei\u00df). Informationen zu allen Facebook-Plugins finden Sie \u00fcber den folgenden Link: <a href=\"https:\/\/developers.facebook.com\/docs\/plugins\/\">https:\/\/developers.facebook.com\/docs\/plugins\/<\/a><\/p>\n<p>Das Plugin stellt eine direkte Verbindung zwischen Ihrem Browser und den Facebook-Servern her. Der Websitebetreiber hat keinerlei Einfluss auf die Natur und den Umfang der Daten, welche das Plugin an die Server der Facebook Inc. \u00fcbermittelt. Informationen dazu finden Sie hier: <a href=\"https:\/\/www.facebook.com\/help\/186325668085084\">https:\/\/www.facebook.com\/help\/186325668085084<\/a><\/p>\n<p>Das Plugin informiert die Facebook Inc. dar\u00fcber, dass Sie als Nutzer diese Website besucht haben. Es besteht hierbei die M\u00f6glichkeit, dass Ihre IP-Adresse gespeichert wird. Sind Sie w\u00e4hrend des Besuchs auf dieser Website in Ihrem Facebook-Konto eingeloggt, werden die genannten Informationen mit diesem verkn\u00fcpft.<\/p>\n<p>Nutzen Sie die Funktionen des Plugins \u2013 etwa indem Sie einen Beitrag teilen oder \u201eliken\u201c \u2013, werden die entsprechenden Informationen ebenfalls an die Facebook Inc. \u00fcbermittelt.<\/p>\n<p>Unsere Website nutzt zur Messung der Reichweite das Besucheraktions-Pixel von Facebook, Facebook Inc., 1601 S. California Ave, Palo Alto, CA 94304, USA (\u201cFacebook\u201d).<\/p>\n<p>M\u00f6chten Sie verhindern, dass die Facebook. Inc. diese Daten mit Ihrem Facebook-Konto verkn\u00fcpft, loggen Sie sich bitte vor dem Besuch dieser Website bei Facebook aus und l\u00f6schen Sie die gespeicherten Cookies. \u00dcber Ihr Facebook-Profil k\u00f6nnen Sie weitere Einstellungen zur Datenverarbeitung f\u00fcr Werbezwecke t\u00e4tigen oder der Nutzung Ihrer Daten f\u00fcr Werbezwecke widersprechen. Zu den Einstellungen gelangen Sie hier:<\/p>\n<p>Profileinstellungen bei Facebook: <a href=\"https:\/\/web.facebook.com\/adpreferences\/advertisers\/?entry_product=ad_settings_screen\">https:\/\/web.facebook.com\/adpreferences\/advertisers\/?entry_product=ad_settings_screen<\/a><\/p>\n<p>Cookie-Deaktivierungsseite der US-amerikanischen Website: <a href=\"https:\/\/optout.aboutads.info\/?c=2#!\/\">https:\/\/optout.aboutads.info\/?c=2#!\/<\/a><\/p>\n<p>Cookie-Deaktivierungsseite der europ\u00e4ischen Website: <a href=\"https:\/\/optout.networkadvertising.org\/?c=1#!\/\">https:\/\/optout.networkadvertising.org\/?c=1#!\/<\/a><\/p>\n<p>Welche Daten, zu welchem Zweck und in welchem Umfang Facebook Daten erhebt, nutzt und verarbeitet und welche Rechte sowie Einstellungsm\u00f6glichkeiten Sie zum Schutz Ihrer Privatsph\u00e4re haben, k\u00f6nnen Sie in den Datenschutzrichtlinien von Facebook nachlesen. Diese finden Sie hier: <a href=\"https:\/\/www.facebook.com\/about\/privacy\/\">https:\/\/www.facebook.com\/about\/privacy\/<\/a><\/p>\n<p><strong>Verwendung von Google Web Fonts<\/strong><\/p>\n<p>Unsere Webseite nutzt zur besseren Darstellung von Schriftarten so genannte Web Fonts, die von Google bereitgestellt werden. Beim Aufruf einer Seite l\u00e4dt Ihr Browser mitunter die ben\u00f6tigten Web Fonts in ihren Browsercache, um Texte und Schriftarten ansprechend anzuzeigen.<\/p>\n<p>Zu diesem Zweck wird Ihr Browser eine Verbindung zu den Servern von Google aufnehmen. Hierdurch erlangt Google Kenntnis dar\u00fcber, dass \u00fcber Ihre IP-Adresse unsere Website aufgerufen wurde. Die Nutzung von Google Web Fonts erfolgt im Interesse einer einheitlichen und optisch ansprechenden Darstellung unserer Webseite. Dies stellt ein berechtigtes Interesse im Sinne von Art. 6 Abs. 1 lit. f DSGVO dar. Sollte Ihr Browser Web Fonts nicht unterst\u00fctzen, wird eine Standardschrift Ihres Computer genutzt.<\/p>\n<p><strong>Widerspruch gegen Datenerfassung<\/strong><\/p>\n<p>Wenn Sie die Erfassung Ihrer Daten durch Google Analytics verhindern m\u00f6chten, k\u00f6nnen Sie auf den Link unter der klicken. Es wird ein <a href=\"https:\/\/tools.google.com\/dlpage\/gaoptout\">Opt-Out-Cookie<\/a> gesetzt, welches das Erfassung Ihrer Daten bei zuk\u00fcnftigen Besuchen dieser Website verhindert.<\/p>\n<p>Alternativ k\u00f6nnen Sie <a>folgenden Link<\/a> klicken. Es wird ein Opt-Out-Cookie gesetzt, welches das Erfassung Ihrer Daten bei zuk\u00fcnftigen Besuchen dieser Website verhindert.<\/p>\n<p class=\"pictrs\"><strong>Technischer Dienstleister<\/strong><\/p>\n<p class=\"pictrs\">F\u00fcr das Betreiben dieser Webseite bzw. dieser Online-Galerie mit Verkaufsfunktion, das Hosting, und die Lizenzierung der Fotografensoftware nutzen wir das Angebot der Pictrs GmbH, ans\u00e4ssig in Leipzig, Brandvorwerkstr. 52-54. Pictrs wurde von uns beauftragt, Bestellungen \u00fcber diese Seite f\u00fcr uns abzuwickeln und diese in unserem Namen auszuf\u00fchren. Die Datenschutzbestimmungen unseres Dienstleisters k\u00f6nnen hier eingesehen werden: https:\/\/www.pictrs.com\/datenschutz.<\/p>\n<p class=\"pictrs\">\n<p><strong>Ansprechpartner f\u00fcr den Datenschutz<\/strong><\/p>\n<p>Bei Fragen zur Erhebung und Verarbeitung von personenbezogenen Daten, bei Ausk\u00fcnften oder f\u00fcr Korrekturen, oder L\u00f6schungen von Daten sowie Widerruf erteilter Einwilligungen wenden Sie bzw. der\/die Betroffene sich entweder an Pictrs, den technischen Dienstleister zum Betreiben dieser Fotografenwebseite, unter datenschutz@pictrs.com oder postalisch an Pictrs GmbH, Brandvorwerkstr. 52-54, 04275 Leipzig oder Sie kontaktieren den Betreiber dieser Webseite unter den im Impressum angegebenen Kontaktdaten.<\/p>\n<p>Leipzig, 1. Mai 2021<\/p>\n<\/div>\n","protected":false},"excerpt":{"rendered":"<p>Datenschutz \/ \u00dcberblick Mit dieser Erkl\u00e4rung geben Sie uns Ihre Einwilligung daf\u00fcr, dass Ihre personenbezogenen Daten zu den nachfolgend genannten Zwecken erhoben, verarbeitet und genutzt werden d\u00fcrfen. Diese Einwilligung kann jederzeit mit Wirkung f\u00fcr die Zukunft widerrufen werden. Rechtliche Grundlage Wir erheben und bearbeiten Daten &hellip; <a href=\"https:\/\/kitagraf.de\/?page_id=21\" class=\"more-link\"><span>Continue reading<span class=\"screen-reader-text\">Datenschutz<\/span><\/span><\/a><\/p>\n","protected":false},"author":1,"featured_media":0,"parent":0,"menu_order":0,"comment_status":"closed","ping_status":"closed","template":"","meta":{"footnotes":""},"_links":{"self":[{"href":"https:\/\/kitagraf.de\/index.php?rest_route=\/wp\/v2\/pages\/21"}],"collection":[{"href":"https:\/\/kitagraf.de\/index.php?rest_route=\/wp\/v2\/pages"}],"about":[{"href":"https:\/\/kitagraf.de\/index.php?rest_route=\/wp\/v2\/types\/page"}],"author":[{"embeddable":true,"href":"https:\/\/kitagraf.de\/index.php?rest_route=\/wp\/v2\/users\/1"}],"replies":[{"embeddable":true,"href":"https:\/\/kitagraf.de\/index.php?rest_route=%2Fwp%2Fv2%2Fcomments&post=21"}],"version-history":[{"count":1,"href":"https:\/\/kitagraf.de\/index.php?rest_route=\/wp\/v2\/pages\/21\/revisions"}],"predecessor-version":[{"id":22,"href":"https:\/\/kitagraf.de\/index.php?rest_route=\/wp\/v2\/pages\/21\/revisions\/22"}],"wp:attachment":[{"href":"https:\/\/kitagraf.de\/index.php?rest_route=%2Fwp%2Fv2%2Fmedia&parent=21"}],"curies":[{"name":"wp","href":"https:\/\/api.w.org\/{rel}","templated":true}]}}